{"id":10,"date":"2014-07-18T10:58:51","date_gmt":"2014-07-18T08:58:51","guid":{"rendered":"http:\/\/localhost\/wordpress2\/?page_id=10"},"modified":"2023-02-06T12:23:28","modified_gmt":"2023-02-06T10:23:28","slug":"chronik","status":"publish","type":"page","link":"http:\/\/www.uni-suono.de\/?page_id=10","title":{"rendered":"Chronik"},"content":{"rendered":"<ul>\n<li><span style=\"color: #ff0000;\">01.11.2003 Kammerkonzert in der Petruskirche, Hamburg<\/span><\/li>\n<li><span style=\"color: #ff0000;\">02.02.2004 Kammerkonzert anl\u00e4sslich der k\u00fcnstlerischen Reifepr\u00fcfung von Pavlina Hillenbrand-Jovanowska (Klavier) im Mendelssohn Saal der Musikhochschule Hamburg<\/span><\/li>\n<li><span style=\"color: #ff0000;\">24.04 2004 Kammerkonzert im Gemeindesaal St. Andreas, Hamburg<\/span><\/li>\n<li><span style=\"color: #ff0000;\">08.05.2004 Hanns-Martin-Schleyer Halle in Stuttgart, \u201eMiteinander f\u00fcr Europa\u201c in Zusammenarbeit mit dem Jungen Kammerchor der Musikschule B\u00f6blingen, GENROSSO und GENVERDE<\/span><\/li>\n<li><span style=\"color: #ff0000;\">11.09.2004 Kammerkonzert in der Auferstehungskirche, Hamburg<\/span><\/li>\n<li><span style=\"color: #ff0000;\">19.11.2004 Kammerkonzert im Rokokosaal, Ratzeburg<\/span><\/li>\n<li><span style=\"color: #ff0000;\">26.02.2005 Kammerkonzert in der Petruskirche, Hamburg<\/span><\/li>\n<li><span style=\"color: #ff0000;\">02.07.2005 Kammerkonzert in der Zionskirche in Hamburg<\/span><\/li>\n<li><span style=\"color: #ff0000;\">16.07.2005 Kammerkonzert im Begegnungszentrum Ottmaring bei Augsburg<\/span><\/li>\n<li><span style=\"color: #ff0000;\">22.07.2005 Kammerkonzert im Santuario Maria Theotokos in Loppiano bei Florenz<\/span><\/li>\n<li><span style=\"color: #ff0000;\">03.09.2005 Kammerkonzert in der Christ-K\u00f6nig-Gemeinde, Bremen R\u00f6nnebeck<\/span><\/li>\n<li><span style=\"color: #ff0000;\">20.01.2006 Verleihung des Klaus-Hemmerle-Preises im Dom zu Aachen<\/span><\/li>\n<li><span style=\"color: #ff0000;\">01.05.2006 Kammerkonzert im Gemeindesaal St. Andreas, Hamburg<\/span><\/li>\n<li><span style=\"color: #ff0000;\">02.09.2006 Kammerkonzert in der Ev.-luth. Kirchengemeinde St. Johannis Eppendorf, Hamburg<\/span><\/li>\n<li><span style=\"color: #ff0000;\">05.11.2006 Kammerkonzert im Elbeforum Brunsb\u00fcttel<\/span><\/li>\n<li><span style=\"color: #ff0000;\">21.02.2007 Kammerkonzert in der Kursana Residenz, Hamburg<\/span><\/li>\n<li><span style=\"color: #ff0000;\">12.05.2007 Hanns-Martin-Schleyer Halle in Stuttgart, \u201eMiteinander f\u00fcr Europa\u201c in Zusammenarbeit mit Christoph Adt, Andrea und Albert Frey, GENROSSO und GENVERDE<\/span><\/li>\n<li><span style=\"color: #ff0000;\">02.06.2007 Kammerkonzert im Rahmen der Brunsb\u00fctteler Kult(o)ur in der Jakobus Kirche, Brunsb\u00fcttel<\/span><\/li>\n<li><span style=\"color: #ff0000;\">30.06.2007 Kammerkonzert anl\u00e4sslich der Diplompr\u00fcfung von Stefanie Kurz (Klavier) in der Fachhochschule f\u00fcr Musik, Osnabr\u00fcck<\/span><\/li>\n<li><span style=\"color: #ff0000;\">06.10.2007 Kammerkonzert, Willehadsaal im Alten Postamt, Bremen<\/span><\/li>\n<li><span style=\"color: #ff0000;\">16.12.2007 Lichterkirche 2007 in der St. Nicolai Kirche in M\u00f6lln mit dem Jugendchor der St. Nicolai Gemeinde unter der Leitung von Volker J\u00e4nig<\/span><\/li>\n<li><span style=\"color: #ff0000;\">16.2.2008 Kammerkonzert in der Petruskirche, Hamburg<\/span><\/li>\n<li><span style=\"color: #ff0000;\">12.6.2008, Italienisches Kulturinstitut Istanbul. Festakt f\u00fcr die Verleihung des Klaus-Hemmerle-Preises<\/span><\/li>\n<li><span style=\"color: #ff0000;\">18.6.2008, Katholische Akademie Herrengraben 4, Hamburg<\/span><\/li>\n<li><span style=\"color: #ff0000;\">21.2.2009, Kammerkonzert in der Melanchthonkirche, 22607 Hamburg<\/span><\/li>\n<li><span style=\"color: #ff0000;\">22. Januar 2010 Verleihung des Klaus-Hemmerle-Preises im Aachener Dom<\/span><\/li>\n<li><span style=\"color: #ff0000;\">April 2010 Konzert im evangelischen Gemeindezentrum Arche Noah, Halstenbek (Krupunder).<\/span><\/li>\n<li><span style=\"color: #ff0000;\">30. Juli Barocksaal des Klosters Benediktbeuern, Werke von Haydn, Mozart, Sibelius u.a.<\/span><\/li>\n<li><span style=\"color: #ff0000;\">29. August 2010 Werke von Andreas Romberg, Camille Saint-Sa\u00ebns, Joaquin Turina &amp; W. A. Mozart in der Auferstehungskirche &#8222;Alten Eichen&#8220;,Hamburg<\/span><\/li>\n<li><span style=\"color: #ff0000;\">Kammerkonzert Kult(o)ur Brunsb\u00fcttel 14.05.2011<\/span><\/li>\n<li><span style=\"color: #ff0000;\">Kammerkonzert am Samstag, den 16. Juni 2012 um 15 Uhr in der Auferstehungskirche &#8222;Alten Eichen&#8220; W\u00f6rdemanns Weg 19-35, 22527 Hamburg<\/span><\/li>\n<li><span style=\"color: #ff0000;\">22. Januar 2016 Dom zu Aachen<strong><br \/>\n<\/strong>Klaus-Hemmerle-Preis<\/span><\/li>\n<li><span style=\"color: #ff0000;\">Musik und Lesung in der Passionszeit<\/span><br \/>\n<span style=\"color: #ff0000;\"><span class=\"date-start dtstart\">Samstag, den 20. Februar 2016 um 18:00<br \/>\n<\/span><span class=\"author fn org\">Auferstehungskirche Alten Eichen<\/span>,<\/span><\/li>\n<li><span style=\"color: #ff0000;\">Musik und Lesung in der Passionszeit<strong><br \/>\n<\/strong><span class=\"date-start dtstart\">Sonntag, den 21. Februar 2016 um 17:00<\/span><\/span><br \/>\n<span class=\"author fn org\" style=\"color: #ff0000;\">Katholische Pfarrgemeinde Heilige Familie<\/span><\/li>\n<li><span style=\"color: #ff0000;\">Musik und Texte zur Passionszeit<\/span>\n<div class=\"tribe-event-schedule-details\"><span style=\"color: #ff0000;\"><span class=\"tribe-event-date-start\">25. M\u00e4rz 2017 um 18:00<br \/>\n<\/span><span class=\"author fn org\">Auferstehungskirche Alten EIchen<\/span><\/span><\/div>\n<\/li>\n<li><span style=\"color: #ff0000;\">Musik und Texte zur Passionszeit<\/span>\n<div class=\"tribe-event-schedule-details\"><span style=\"color: #ff0000;\"><span class=\"tribe-event-date-start\">8. April 2017 um 18:30<br \/>\n<\/span><span class=\"author fn org\">\u00d6kumenisches Zentrum Hafencity<\/span><\/span><\/div>\n<\/li>\n<li><span style=\"color: #ff0000;\">Musik und Texte zum Thema &#8222;Liebe&#8220;<strong><br \/>\n<\/strong><span class=\"date-start dtstart\">Sonntag, den 10. Juni 2018 um 17 Uhr<\/span><\/span><br \/>\n<span style=\"color: #ff0000;\"> <span class=\"author fn org\">Katholische Pfarrgemeinde Heilige Familie<\/span><\/span><\/li>\n<li><span style=\"color: #ff0000;\">Freitag, den 14. Februar 2020<\/span><br \/>\n<span style=\"color: #ff0000;\">Klaus Hemmerle Preisverleihung im Aachener Dom<\/span><\/li>\n<li><span style=\"color: #ff0000;\">Samstag, den 29. Februar 2020 um 19 Uhr<\/span><br \/>\n<span style=\"color: #ff0000;\">Konzert in der Zionskirche Hamburg Wandsbek<\/span><\/li>\n<li><span style=\"color: #ff0000;\">Samstag, den 04. April 2020 um 15 Uhr (fiel aus wegen Corona!)<\/span><br \/>\n<span style=\"color: #ff0000;\">Konzert in M\u00fcnster, <span class=\"author fn org\">Akademie Franz Hitze Haus<\/span><\/span><\/li>\n<li><span style=\"color: #ff0000;\">Freitag, den 22. Mai 2020 um 19.30 Uhr (fiel aus wegen Corona!)<\/span><br \/>\n<span style=\"color: #ff0000;\"><span class=\"author fn org\">Schulhaus Sennweid<\/span>,<span class=\"tribe-address\"> <span class=\"tribe-street-address\">Deinikoner Stra\u00dfe 9, <\/span><\/span><span class=\"tribe-address\"><span class=\"tribe-locality\">Baar<\/span><span class=\"tribe-delimiter\">,<\/span> <span class=\"tribe-postal-code\">6340<\/span> <span class=\"tribe-country-name\">Schweiz<\/span><\/span><\/span><\/li>\n<li><span style=\"color: #ff0000;\">Samstag, den 23. Mai 2020 um 19 Uhr (fiel aus wegen Corona!)<\/span><br \/>\n<span style=\"color: #ff0000;\"><span class=\"author fn org\">Musikschule Triesen<\/span>,<span class=\"tribe-address\"> <span class=\"tribe-street-address\">Landstrasse <\/span><\/span><span class=\"tribe-address\"><span class=\"tribe-locality\">Triesen<\/span><span class=\"tribe-delimiter\">,<\/span> <span class=\"tribe-postal-code\">9495<\/span> <span class=\"tribe-country-name\">Liechtenstein<\/span><br \/>\n<\/span><br \/>\n<\/span><\/li>\n<\/ul>\n<p><span style=\"color: #ff0000;\">\u00a0<\/span><\/p>\n","protected":false},"excerpt":{"rendered":"<p>01.11.2003 Kammerkonzert in der Petruskirche, Hamburg 02.02.2004 Kammerkonzert anl\u00e4sslich der k\u00fcnstlerischen Reifepr\u00fcfung von Pavlina Hillenbrand-Jovanowska (Klavier) im Mendelssohn Saal der Musikhochschule Hamburg 24.04 2004 Kammerkonzert im Gemeindesaal St. Andreas, Hamburg 08.05.2004 Hanns-Martin-Schleyer Halle in Stuttgart, \u201eMiteinander f\u00fcr Europa\u201c in Zusammenarbeit mit dem Jungen Kammerchor der Musikschule B\u00f6blingen, GENROSSO und GENVERDE 11.09.2004 Kammerkonzert in der Auferstehungskirche, [&hellip;]<\/p>\n","protected":false},"author":1,"featured_media":0,"parent":0,"menu_order":0,"comment_status":"closed","ping_status":"closed","template":"","meta":{"footnotes":""},"class_list":["post-10","page","type-page","status-publish","hentry"],"_links":{"self":[{"href":"http:\/\/www.uni-suono.de\/index.php?rest_route=\/wp\/v2\/pages\/10","targetHints":{"allow":["GET"]}}],"collection":[{"href":"http:\/\/www.uni-suono.de\/index.php?rest_route=\/wp\/v2\/pages"}],"about":[{"href":"http:\/\/www.uni-suono.de\/index.php?rest_route=\/wp\/v2\/types\/page"}],"author":[{"embeddable":true,"href":"http:\/\/www.uni-suono.de\/index.php?rest_route=\/wp\/v2\/users\/1"}],"replies":[{"embeddable":true,"href":"http:\/\/www.uni-suono.de\/index.php?rest_route=%2Fwp%2Fv2%2Fcomments&post=10"}],"version-history":[{"count":13,"href":"http:\/\/www.uni-suono.de\/index.php?rest_route=\/wp\/v2\/pages\/10\/revisions"}],"predecessor-version":[{"id":502,"href":"http:\/\/www.uni-suono.de\/index.php?rest_route=\/wp\/v2\/pages\/10\/revisions\/502"}],"wp:attachment":[{"href":"http:\/\/www.uni-suono.de\/index.php?rest_route=%2Fwp%2Fv2%2Fmedia&parent=10"}],"curies":[{"name":"wp","href":"https:\/\/api.w.org\/{rel}","templated":true}]}}