{"id":102,"date":"2014-07-18T18:52:11","date_gmt":"2014-07-18T16:52:11","guid":{"rendered":"http:\/\/localhost\/wordpress2\/?page_id=102"},"modified":"2014-07-18T18:55:55","modified_gmt":"2014-07-18T16:55:55","slug":"prisma-artikel","status":"publish","type":"page","link":"http:\/\/www.uni-suono.de\/?page_id=102","title":{"rendered":"Prisma Artikel"},"content":{"rendered":"<p>UNI-SUONO<br \/>\nIm Einklang Gott erfahren<\/p>\n<p>Samstagvormittag, 11.30 Uhr. Die Mitglieder des Kammermusik-Ensembles UNI-SUONO treffen in einem Einfamilienhaus in Hamburg zur Probe ein. Bis zum fr\u00fchen Abend werden sie miteinander musizieren. Den Gesichtern sind die Anstrengungen einer intensiven Arbeitswoche noch anzusehen. Fast alle Mitglieder des achtk\u00f6pfigen Ensembles, vier M\u00e4nner und vier Frauen im Alter von Anfang drei\u00dfig bis f\u00fcnfzig Jahren, arbeiten als konzertierende Musiker oder Musiklehrer an allgemeinbildenden Schulen und auch als Privatmusikerzieher. Nach einer freudigen Begr\u00fc\u00dfung geht es gleich an die Arbeit. Diese besteht vor allem darin, St\u00fccke in verschiedenen Besetzungen von Trio bis zur Gesamtbesetzung als Oktett auf das n\u00e4chste Konzert hin zu erarbeiten. In den Pausen werden die Planungen f\u00fcr Konzerte abgesprochen, Vorschl\u00e4ge f\u00fcr neue St\u00fccke abgestimmt und auch Preise von Eintrittsgeldern oder Programmgestaltungen diskutiert.<\/p>\n<p>Herzen \u00f6ffnen<br \/>\nWas treibt diese acht Erwachsenen dazu, sich seit inzwischen vier Jahren neben ihren beruflichen und privaten Aufgaben noch der gemeinsamen Kammermusik zu widmen und damit auch in die \u00d6ffentlichkeit zu treten? Die Antwort auf diese Frage kommt bei jeder und jedem ohne Z\u00f6gern: alle sind getragen von der tiefen \u00dcberzeugung, dass es Gott ist, der sie mit ihren musikalischen Talenten und in genau dieser instrumentalen Zusammensetzung in dieser Stadt zusammengef\u00fchrt hat. Und das empfinden sie als einen Ruf und Verantwortung zugleich: Gott durch die Musik zu bezeugen: Musik als Lob Gottes, als ein Medium, das die Herzen der Menschen f\u00fcr seine Gegenwart \u00f6ffnen kann. So beginnt keine Probe oder kein Konzert, ohne dass die Mitglieder von UNI-SUONO um die Gegenwart Jesu unter ihnen bitten und im Vertrauen auf die Verhei\u00dfung Jesu zu leben: \u201eWo zwei oder drei in meinem Namen versammelt sind, da bin ich mitten unter ihnen\u201c (Mat. 18,20).<\/p>\n<p>Einklang vermitteln<br \/>\nDer Name des Ensemble \u201eUNI-SONO\u201c ist Programm. Alle Mitglieder haben den Wunsch, den Zuh\u00f6rern w\u00e4hrend des Konzertes \u201eEinklang\u201c zu vermitteln. Deswegen bereitet sich jeder Musiker pers\u00f6nlich durch intensives \u00dcben auf die Proben und Konzerte vor. Vor allem aber muss die Intonation, die \u201eEinstimmung\u201c der Zusammenkl\u00e4nge, immer wieder geprobt werden. Denn jeder Ton erh\u00e4lt nur im Zusammenklang seinen Sinn und wird im Zusammenspiel erst \u201erichtig\u201c. Um zu h\u00f6ren und H\u00f6rvorstellungen auf dem Instrument umzusetzen, braucht es h\u00f6chste Konzentration und Entspannung zugleich. Dasselbe gilt f\u00fcr Tempo und Rhythmus, f\u00fcr die unterschiedlichen Vorstellungen bei der Artikulation, der Gestaltung der T\u00f6ne. Dabei muss man sich auch gegenseitig korrigieren und unterst\u00fctzen, mit den St\u00e4rken, Grenzen und Gef\u00fchlen des anderen umgehen lernen und auch die eigenen Vorstellungen wie \u201eso habe ich das schon immer gelernt\u201c, \u201ediesen oder jenen Komponisten oder Musikstil spielt man so und nicht anders\u201c, \u201ebesser kann ich das nun mal nicht &#8230;\u201c auch in Frage stellen k\u00f6nnen. Das ist der Weg, damit alle miteinander Raum und Anerkennung finden. UNI-SUONO hat keinen Leiter oder Dirigenten. So kann sich das Ensemble nicht auf einen Einzelnen abst\u00fctzen und muss immer neu zu einem gr\u00f6\u00dferen Miteinander finden. Die Lebenssituation der einzelnen Mitglieder wird bei UNI-SUONO ber\u00fccksichtigt: So war es f\u00fcr eine Musikerin sehr wichtig, dass eine Konzertreise in die Toscana mit einem Auftritt in Loppiano bei Florenz so geplant wurde, dass sie diese kurz vor der Geburt ihres zweiten Kindes mitmachen konnte.<br \/>\n<!--more--><br \/>\nVon Musik erf\u00fcllt<br \/>\nWie kommen die Konzerte von UNI-SUONO beim Publikum an? K\u00f6nnen die Musiker durch die Instrumentalmusik etwas von der Gegenwart Gottes sp\u00fcren lassen? Letztlich haben sie nur die Musik, durch die ihre gemeinsame Erfahrung durchscheinen kann. Die Zuh\u00f6rerinnen und Zuh\u00f6rer k\u00f6nnen \u201enur\u201c h\u00f6ren, wahrnehmen, erleben. Die Musiker sind dankbar f\u00fcr Kommentare wenn sie h\u00f6ren, dass sie gut gespielt haben, aber noch mehr freut es sie, wenn solche R\u00fcckmeldungen kommen, wie: \u201eIch war ganz in den Bann gezogen\u201c, \u201eich konnte mich der Musik nicht entziehen\u201c oder \u201ewir sind ganz erf\u00fcllt nach Hause gegangen\u201c.<br \/>\nDie Mitglieder des Ensembles erleben, dass Gott sie begleitet. Das erkennen sie daran, dass sie z.B. ein Cembalo geschenkt bekommen haben oder dass eine Violinistin, als sie ihre geliehene Geige zur\u00fcckgeben musste, durch eine unerwartete Erbschaft eine bessere Geige erhielt. Die Begleitung Gottes erkennen sie aber auch darin, dass sie als Ensemble sehr behutsam gewachsen sind, mit kleinen Konzerten im eher privatem Rahmen begonnen haben und sp\u00e4ter vor gr\u00f6\u00dferem Publikum bei Konzerten in Loppiano bei Florenz, im Dom zu Aachen oder bei zweimaligen Veranstaltungen in der Hanns-Martin-Schleyer Halle in Stuttgart auftreten konnten. Froh macht die acht Musikerinnen und Musiker, dass andere Berufsmusiker ihnen best\u00e4tigt haben, wie sehr ihr christlicher Lebensstil, ihr Vertrauen auf Gott in ihrem Miteinander als Ensemble und in der Qualit\u00e4t ihrer Musik zum Ausdruck kommt.<\/p>\n<p>Kurzfassung<br \/>\nVier M\u00e4nner und vier Frauen aus Hamburg, alle im Bereich der Musik t\u00e4tig, bilden seit vier Jahren das Kammermusik-Ensemble UNI-SUONO. Und alle miteinander haben einen Wunsch: Sie m\u00f6chten mit ihrer Musik Gott bezeugen, die Herzen des Publikums f\u00fcr seine Gegenwart \u00f6ffnen. Die Voraussetzung daf\u00fcr sehen sie darin, durch ihre Konzerte \u201eEinklang\u201c zu vermitteln. Daf\u00fcr proben sie stundenlang, jedes Ensemblemitglied bringt seine St\u00e4rken und Schw\u00e4chen, Grenzen und Gef\u00fchle in die Gruppe ein. Das ist f\u00fcr sie der Weg, damit alle Raum und Anerkennung finden k\u00f6nnen. Von ihren Zuh\u00f6rerinnen und Zuh\u00f6rern erfahren sie durchweg positive Echos und dass die Frucht ihres Miteinanders Musik zu einem unvergesslichen Erlebnis macht.<\/p>\n<p>\u00a9: &#8222;das Prisma&#8220; Beitr\u00e4ge zu Pastoral, Katechese &amp; Theologie 2\/2007\/19. Jahrgang<\/p>\n","protected":false},"excerpt":{"rendered":"<p>UNI-SUONO Im Einklang Gott erfahren Samstagvormittag, 11.30 Uhr. Die Mitglieder des Kammermusik-Ensembles UNI-SUONO treffen in einem Einfamilienhaus in Hamburg zur Probe ein. Bis zum fr\u00fchen Abend werden sie miteinander musizieren. Den Gesichtern sind die Anstrengungen einer intensiven Arbeitswoche noch anzusehen. Fast alle Mitglieder des achtk\u00f6pfigen Ensembles, vier M\u00e4nner und vier Frauen im Alter von Anfang [&hellip;]<\/p>\n","protected":false},"author":1,"featured_media":0,"parent":0,"menu_order":0,"comment_status":"closed","ping_status":"closed","template":"","meta":{"footnotes":""},"class_list":["post-102","page","type-page","status-publish","hentry"],"_links":{"self":[{"href":"http:\/\/www.uni-suono.de\/index.php?rest_route=\/wp\/v2\/pages\/102","targetHints":{"allow":["GET"]}}],"collection":[{"href":"http:\/\/www.uni-suono.de\/index.php?rest_route=\/wp\/v2\/pages"}],"about":[{"href":"http:\/\/www.uni-suono.de\/index.php?rest_route=\/wp\/v2\/types\/page"}],"author":[{"embeddable":true,"href":"http:\/\/www.uni-suono.de\/index.php?rest_route=\/wp\/v2\/users\/1"}],"replies":[{"embeddable":true,"href":"http:\/\/www.uni-suono.de\/index.php?rest_route=%2Fwp%2Fv2%2Fcomments&post=102"}],"version-history":[{"count":1,"href":"http:\/\/www.uni-suono.de\/index.php?rest_route=\/wp\/v2\/pages\/102\/revisions"}],"predecessor-version":[{"id":104,"href":"http:\/\/www.uni-suono.de\/index.php?rest_route=\/wp\/v2\/pages\/102\/revisions\/104"}],"wp:attachment":[{"href":"http:\/\/www.uni-suono.de\/index.php?rest_route=%2Fwp%2Fv2%2Fmedia&parent=102"}],"curies":[{"name":"wp","href":"https:\/\/api.w.org\/{rel}","templated":true}]}}