{"id":14,"date":"2014-07-18T10:59:11","date_gmt":"2014-07-18T08:59:11","guid":{"rendered":"http:\/\/localhost\/wordpress2\/?page_id=14"},"modified":"2014-09-06T01:32:50","modified_gmt":"2014-09-05T23:32:50","slug":"musik","status":"publish","type":"page","link":"http:\/\/www.uni-suono.de\/?page_id=14","title":{"rendered":"Musik"},"content":{"rendered":"<p>Hier haben Sie die M\u00f6glichkeit Ausschnitte aus einzelnen S\u00e4tzen zu h\u00f6ren, die wir in unseren Konzerten live mitgeschnitten haben.<br \/>\nAufgrund der Mp3 Komprimierung kommt es dabei leider zu Klangverlusten.<\/p>\n<div class=\"wp-playlist wp-audio-playlist wp-playlist-light\">\n\t\t\t<div class=\"wp-playlist-current-item\"><\/div>\n\t\t<audio controls=\"controls\" preload=\"none\" width=\"1148\"\n\t\t\t><\/audio>\n\t<div class=\"wp-playlist-next\"><\/div>\n\t<div class=\"wp-playlist-prev\"><\/div>\n\t<noscript>\n\t<ol>\n\t\t<li><a href='http:\/\/www.uni-suono.de\/wp-content\/uploads\/2014\/07\/bruckner.mp3'>Anton Bruckner: aus dem 1. Satz des Streichquartettes c-moll<\/a><\/li><li><a href='http:\/\/www.uni-suono.de\/wp-content\/uploads\/2014\/07\/dvorakausschnitt.mp3'>Antonin Dvorak: aus \"Slawischer Tanz\" Nr. 8<\/a><\/li><li><a href='http:\/\/www.uni-suono.de\/wp-content\/uploads\/2014\/07\/haydn1satz.mp3'>Joseph Haydn: aus dem 1. Satz der Symphony Quintetto f\u00fcr Fl\u00f6te, Streichquartett & Klavier (nach der Sinfonie Nr.101 \"Die Uhr\")<\/a><\/li><li><a href='http:\/\/www.uni-suono.de\/wp-content\/uploads\/2014\/07\/haydn4satz.mp3'>Joseph Haydn: aus dem 4. Satz der Symphony Quintetto f\u00fcr Fl\u00f6te, Streichquartett & Klavier (nach der Sinfonie Nr.101 \"Die Uhr\")<\/a><\/li><li><a href='http:\/\/www.uni-suono.de\/wp-content\/uploads\/2014\/07\/melbonisausschnitt.mp3'>Melanie Bonis: aus \"Septuor f\u00fcr Klavier, 2 Fl\u00f6ten & Streichquartett\"<\/a><\/li><li><a href='http:\/\/www.uni-suono.de\/wp-content\/uploads\/2014\/07\/mendelssohn.mp3'>Felix Mendelssohn-Bartholdy: aus dem 1. Satz des Trio in d-moll f\u00fcr Klavier, Fl\u00f6te & Cello<\/a><\/li><li><a href='http:\/\/www.uni-suono.de\/wp-content\/uploads\/2014\/07\/mozart1ausschnitt.mp3'>W.A. Mozart: aus der Sonate f\u00fcr Klavier zu 4 H\u00e4nden D-Dur, 1. Satz Allegro<\/a><\/li>\t<\/ol>\n\t<\/noscript>\n\t<script type=\"application\/json\" class=\"wp-playlist-script\">{\"type\":\"audio\",\"tracklist\":true,\"tracknumbers\":true,\"images\":true,\"artists\":true,\"tracks\":[{\"src\":\"http:\/\/www.uni-suono.de\/wp-content\/uploads\/2014\/07\/bruckner.mp3\",\"type\":\"audio\/mpeg\",\"title\":\"Anton Bruckner: aus dem 1. Satz des Streichquartettes c-moll\",\"caption\":\"\",\"description\":\"\\\"bruckner\\\" von Bruckner. Genre: Other.\",\"meta\":{\"artist\":\"Bruckner\",\"genre\":\"Other\",\"length_formatted\":\"1:45\"},\"image\":{\"src\":\"http:\/\/www.uni-suono.de\/wp-content\/uploads\/2014\/07\/AntonBruckner.jpg\",\"width\":300,\"height\":268},\"thumb\":{\"src\":\"http:\/\/www.uni-suono.de\/wp-content\/uploads\/2014\/07\/AntonBruckner-150x150.jpg\",\"width\":150,\"height\":150}},{\"src\":\"http:\/\/www.uni-suono.de\/wp-content\/uploads\/2014\/07\/dvorakausschnitt.mp3\",\"type\":\"audio\/mpeg\",\"title\":\"Antonin Dvorak: aus \\\"Slawischer Tanz\\\" Nr. 8\",\"caption\":\"\",\"description\":\"\\\"dvorakausschnitt\\\".\",\"meta\":{\"length_formatted\":\"0:49\"},\"image\":{\"src\":\"http:\/\/www.uni-suono.de\/wp-content\/uploads\/2014\/08\/Dvorak1.jpg\",\"width\":445,\"height\":700},\"thumb\":{\"src\":\"http:\/\/www.uni-suono.de\/wp-content\/uploads\/2014\/08\/Dvorak1-150x150.jpg\",\"width\":150,\"height\":150}},{\"src\":\"http:\/\/www.uni-suono.de\/wp-content\/uploads\/2014\/07\/haydn1satz.mp3\",\"type\":\"audio\/mpeg\",\"title\":\"Joseph Haydn: aus dem 1. Satz der Symphony Quintetto f\\u00fcr Fl\\u00f6te, Streichquartett & Klavier (nach der Sinfonie Nr.101 \\\"Die Uhr\\\")\",\"caption\":\"\",\"description\":\"\\\"1Satz\\\" von Haydn. Genre: Other.\",\"meta\":{\"artist\":\"Haydn\",\"genre\":\"Other\",\"length_formatted\":\"1:40\"},\"image\":{\"src\":\"http:\/\/www.uni-suono.de\/wp-content\/uploads\/2014\/08\/Joseph_Haydn.jpg\",\"width\":853,\"height\":1078},\"thumb\":{\"src\":\"http:\/\/www.uni-suono.de\/wp-content\/uploads\/2014\/08\/Joseph_Haydn-150x150.jpg\",\"width\":150,\"height\":150}},{\"src\":\"http:\/\/www.uni-suono.de\/wp-content\/uploads\/2014\/07\/haydn4satz.mp3\",\"type\":\"audio\/mpeg\",\"title\":\"Joseph Haydn: aus dem 4. Satz der Symphony Quintetto f\\u00fcr Fl\\u00f6te, Streichquartett & Klavier (nach der Sinfonie Nr.101 \\\"Die Uhr\\\")\",\"caption\":\"\",\"description\":\"\\\"4Satz\\\" von Haydn. Genre: Other.\",\"meta\":{\"artist\":\"Haydn\",\"genre\":\"Other\",\"length_formatted\":\"1:01\"},\"image\":{\"src\":\"http:\/\/www.uni-suono.de\/wp-content\/uploads\/2014\/08\/Joseph_Haydn.jpg\",\"width\":853,\"height\":1078},\"thumb\":{\"src\":\"http:\/\/www.uni-suono.de\/wp-content\/uploads\/2014\/08\/Joseph_Haydn-150x150.jpg\",\"width\":150,\"height\":150}},{\"src\":\"http:\/\/www.uni-suono.de\/wp-content\/uploads\/2014\/07\/melbonisausschnitt.mp3\",\"type\":\"audio\/mpeg\",\"title\":\"Melanie Bonis: aus \\\"Septuor f\\u00fcr Klavier, 2 Fl\\u00f6ten & Streichquartett\\\"\",\"caption\":\"\",\"description\":\"\\\"melbonisausschnitt\\\".\",\"meta\":{\"length_formatted\":\"2:43\"},\"image\":{\"src\":\"http:\/\/www.uni-suono.de\/wp-content\/uploads\/2014\/08\/220px-Mel_Bonis_1.jpg\",\"width\":220,\"height\":266},\"thumb\":{\"src\":\"http:\/\/www.uni-suono.de\/wp-content\/uploads\/2014\/08\/220px-Mel_Bonis_1-150x150.jpg\",\"width\":150,\"height\":150}},{\"src\":\"http:\/\/www.uni-suono.de\/wp-content\/uploads\/2014\/07\/mendelssohn.mp3\",\"type\":\"audio\/mpeg\",\"title\":\"Felix Mendelssohn-Bartholdy: aus dem 1. Satz des Trio in d-moll f\\u00fcr Klavier, Fl\\u00f6te & Cello\",\"caption\":\"\",\"description\":\"\\\"mendelssohn\\\" von Mendelssohn. Genre: Other.\",\"meta\":{\"artist\":\"Mendelssohn\",\"genre\":\"Other\",\"length_formatted\":\"1:49\"},\"image\":{\"src\":\"http:\/\/www.uni-suono.de\/wp-content\/uploads\/2014\/08\/mendelssohn_portrait_gross.jpg\",\"width\":354,\"height\":450},\"thumb\":{\"src\":\"http:\/\/www.uni-suono.de\/wp-content\/uploads\/2014\/08\/mendelssohn_portrait_gross-150x150.jpg\",\"width\":150,\"height\":150}},{\"src\":\"http:\/\/www.uni-suono.de\/wp-content\/uploads\/2014\/07\/mozart1ausschnitt.mp3\",\"type\":\"audio\/mpeg\",\"title\":\"W.A. Mozart: aus der Sonate f\\u00fcr Klavier zu 4 H\\u00e4nden D-Dur, 1. Satz Allegro\",\"caption\":\"\",\"description\":\"\",\"meta\":{\"length_formatted\":\"0:58\"},\"image\":{\"src\":\"http:\/\/www.uni-suono.de\/wp-content\/uploads\/2014\/08\/Mozart_Lange_mini.jpg\",\"width\":591,\"height\":721},\"thumb\":{\"src\":\"http:\/\/www.uni-suono.de\/wp-content\/uploads\/2014\/08\/Mozart_Lange_mini-150x150.jpg\",\"width\":150,\"height\":150}}]}<\/script>\n<\/div>\n\t\n","protected":false},"excerpt":{"rendered":"<p>Hier haben Sie die M\u00f6glichkeit Ausschnitte aus einzelnen S\u00e4tzen zu h\u00f6ren, die wir in unseren Konzerten live mitgeschnitten haben. Aufgrund der Mp3 Komprimierung kommt es dabei leider zu Klangverlusten.<\/p>\n","protected":false},"author":1,"featured_media":0,"parent":0,"menu_order":0,"comment_status":"closed","ping_status":"closed","template":"","meta":{"footnotes":""},"class_list":["post-14","page","type-page","status-publish","hentry"],"_links":{"self":[{"href":"http:\/\/www.uni-suono.de\/index.php?rest_route=\/wp\/v2\/pages\/14","targetHints":{"allow":["GET"]}}],"collection":[{"href":"http:\/\/www.uni-suono.de\/index.php?rest_route=\/wp\/v2\/pages"}],"about":[{"href":"http:\/\/www.uni-suono.de\/index.php?rest_route=\/wp\/v2\/types\/page"}],"author":[{"embeddable":true,"href":"http:\/\/www.uni-suono.de\/index.php?rest_route=\/wp\/v2\/users\/1"}],"replies":[{"embeddable":true,"href":"http:\/\/www.uni-suono.de\/index.php?rest_route=%2Fwp%2Fv2%2Fcomments&post=14"}],"version-history":[{"count":4,"href":"http:\/\/www.uni-suono.de\/index.php?rest_route=\/wp\/v2\/pages\/14\/revisions"}],"predecessor-version":[{"id":238,"href":"http:\/\/www.uni-suono.de\/index.php?rest_route=\/wp\/v2\/pages\/14\/revisions\/238"}],"wp:attachment":[{"href":"http:\/\/www.uni-suono.de\/index.php?rest_route=%2Fwp%2Fv2%2Fmedia&parent=14"}],"curies":[{"name":"wp","href":"https:\/\/api.w.org\/{rel}","templated":true}]}}